{"id":11099,"date":"2024-06-21T11:59:39","date_gmt":"2024-06-21T10:59:39","guid":{"rendered":"https:\/\/staging.bordier.com\/loesungen\/vermoegensverwaltung\/"},"modified":"2025-05-28T10:24:18","modified_gmt":"2025-05-28T09:24:18","slug":"wealth-management","status":"publish","type":"page","link":"https:\/\/new.bordier.com\/de\/loesungen\/wealth-management\/","title":{"rendered":"Wealth Management von Bordier"},"content":{"rendered":"\n<section id=\"section-block_c8fcd57a9e438dfa07d59291dad78990\" class=\"page-hero-outer type-default\">\n    <div class=\"holder\">\n        <div class=\"page-hero-content\">\n            <div class=\"acf-innerblocks-container\">\n\n<h6 class=\"wp-block-heading\">Wealth Management von Bordier<\/h6>\n\n\n\n<h1 class=\"wp-block-heading text-indent-s\">Chancen<br><em>und Sicherheit<\/em><\/h1>\n\n<\/div>        <\/div>\n    <\/div>\n        <figure class=\"page-hero-bg\">\n        <img decoding=\"async\" \n            src=\"https:\/\/new.bordier.com\/wp-content\/uploads\/2024\/08\/Wealth-Management-Hero.jpg\" \n            srcset=\"https:\/\/new.bordier.com\/wp-content\/uploads\/2024\/08\/Wealth-Management-Hero.jpg 1440w, https:\/\/new.bordier.com\/wp-content\/uploads\/2024\/08\/Wealth-Management-Hero-300x160.jpg 300w, https:\/\/new.bordier.com\/wp-content\/uploads\/2024\/08\/Wealth-Management-Hero-1024x547.jpg 1024w, https:\/\/new.bordier.com\/wp-content\/uploads\/2024\/08\/Wealth-Management-Hero-768x410.jpg 768w\"\n            alt=\"\"\n        >\n    <\/figure>\n    <\/section>\n\n\n<div class=\"wp-block-group wrapper-m\"><div class=\"wp-block-group__inner-container is-layout-constrained wp-block-group-is-layout-constrained\">\n<h6 class=\"wp-block-heading no-bottom-spacing\">Unsere Mission<\/h6>\n\n\n\n<h3 class=\"wp-block-heading\">Schutz und nachhaltiges Wachstum<\/h3>\n\n\n\n<div class=\"wp-block-group wrapper-s\"><div class=\"wp-block-group__inner-container is-layout-constrained wp-block-group-is-layout-constrained\">\n<p>In einer sich rasant wandelnden Welt wollen wir Portfolios aufbauen,<br>die Ihr Verm\u00f6gen langfristig sch\u00fctzen und mehren.<\/p>\n\n\n\n<section id=\"section-block_9b3d4991e986763ac7908e39e986599d\" class=\"custom-video-outer full-width \">\n\n    \n    <figure class=\"custom-video\">\n\n        <div class=\"video-popup-holder\">\n            <div class=\"video-holder\">\n                <video loop playsinline>\n                    <source src=\"https:\/\/player.vimeo.com\/progressive_redirect\/playback\/1071020863\/rendition\/1080p\/file.mp4?loc=external&#038;signature=bb4955cffd6795927780d4d25bb0685857ebc31991af80d48137563d6b970d8b\" type=\"video\/mp4\">\n                    Dieses Video-Element wird von Ihrem Browser nicht unterst\u00fctzt.                <\/video>\n                <div class=\"video-controls\">\n\n                    <div class=\"exit-button\">\n                        <svg class=\"icon-close\">\n                            <use xlink:href=\"https:\/\/new.bordier.com\/wp-content\/themes\/bordier-wp\/assets\/img\/icons.svg#icon-close\"><\/use>\n                        <\/svg>\n                    <\/div>\n    \n                    <div class=\"play-button\">\n    \n                        <div class=\"play-icon\" data-status=\"play\">\n                            <svg class=\"icon-play\">\n                                <use xlink:href=\"https:\/\/new.bordier.com\/wp-content\/themes\/bordier-wp\/assets\/img\/icons.svg#icon-play\"><\/use>\n                            <\/svg>\n                        <\/div>\n    \n                        <div class=\"play-icon\" data-status=\"pause\">\n                            <svg class=\"icon-pause\">\n                                <use xlink:href=\"https:\/\/new.bordier.com\/wp-content\/themes\/bordier-wp\/assets\/img\/icons.svg#icon-pause\"><\/use>\n                            <\/svg>\n                        <\/div>\n    \n                    <\/div>\n\n                    <div class=\"bottom-controls\">\n\n                        <span class=\"video-length\"><\/span>\n                        \n                        <div class=\"progress-bar\"> \n                            <div class=\"time-bar\"><\/div>\n                            <input class=\"vimeovideo-progress-seek\" type=\"range\" min=\"0\" max=\"100\" step=\"0.1\" value=\"0\" data-vimeovideo=\"seek\">\n                            <progress class=\"vimeovideo-progress-played\" max=\"100\" value=\"0\" role=\"presentation\"><\/progress>\n                        <\/div>\n\n                        <div class=\"left-side\">\n                            <div class=\"small-play-button\">\n\n                                <svg class=\"icon-play\">\n                                    <use xlink:href=\"https:\/\/new.bordier.com\/wp-content\/themes\/bordier-wp\/assets\/img\/icons.svg#icon-play\"><\/use>\n                                <\/svg>\n\n                                <svg class=\"icon-pause\">\n                                    <use xlink:href=\"https:\/\/new.bordier.com\/wp-content\/themes\/bordier-wp\/assets\/img\/icons.svg#icon-pause\"><\/use>\n                                <\/svg>\n\n                            <\/div>\n                        <\/div>\n\n                        <div class=\"right-side\">\n\n                            <div class=\"volume-control\">\n            \n                                <div class=\"mute-icon\" data-status=\"muted\">\n                                    <svg class=\"icon-mute\">\n                                        <use xlink:href=\"https:\/\/new.bordier.com\/wp-content\/themes\/bordier-wp\/assets\/img\/icons.svg#icon-mute\"><\/use>\n                                    <\/svg>\n                                <\/div>\n                                <div class=\"mute-icon\" data-status=\"unmuted\">\n                                    <svg class=\"icon-unmute\">\n                                        <use xlink:href=\"https:\/\/new.bordier.com\/wp-content\/themes\/bordier-wp\/assets\/img\/icons.svg#icon-unmute\"><\/use>\n                                    <\/svg>\n                                <\/div>\n            \n                            <\/div>\n\n                            <div class=\"expand\">\n                                <svg class=\"icon-expand\">\n                                    <use xlink:href=\"https:\/\/new.bordier.com\/wp-content\/themes\/bordier-wp\/assets\/img\/icons.svg#icon-expand\"><\/use>\n                                <\/svg>\n\n                                <svg class=\"icon-collapse\">\n                                    <use xlink:href=\"https:\/\/new.bordier.com\/wp-content\/themes\/bordier-wp\/assets\/img\/icons.svg#icon-collapse\"><\/use>\n                                <\/svg>\n                            <\/div>\n\n                        <\/div>\n\n                    <\/div>\n    \n                <\/div>\n            <\/div>\n        <\/div>\n\n    \n        <div class=\"video-controls\">\n\n            <div class=\"play-button\">\n\n                <div class=\"play-icon\" data-status=\"play\">\n                    <svg class=\"icon-play\">\n                        <use xlink:href=\"https:\/\/new.bordier.com\/wp-content\/themes\/bordier-wp\/assets\/img\/icons.svg#icon-play\"><\/use>\n                    <\/svg>\n                <\/div>\n\n                <div class=\"play-icon\" data-status=\"pause\">\n                    <svg class=\"icon-pause\">\n                        <use xlink:href=\"https:\/\/new.bordier.com\/wp-content\/themes\/bordier-wp\/assets\/img\/icons.svg#icon-pause\"><\/use>\n                    <\/svg>\n                <\/div>\n\n            <\/div>\n\n        <\/div>\n\n\n                    <figure class=\"video-cover\">\n                <img decoding=\"async\" src=\"https:\/\/new.bordier.com\/wp-content\/uploads\/2025\/02\/Frederic-Potelle-1.jpg\" alt=\"Video Cover\">\n            <\/figure>\n        \n    <\/figure>\n\n    \n<\/section>\n\n<\/div><\/div>\n\n\n\n<h6 class=\"wp-block-heading no-bottom-spacing\">Unsere Anlagephilosophie<\/h6>\n\n\n\n<h3 class=\"wp-block-heading\">Oberste Priorit\u00e4t: Kapitalerhalt<\/h3>\n\n\n\n<div class=\"wp-block-group wrapper-s\"><div class=\"wp-block-group__inner-container is-layout-constrained wp-block-group-is-layout-constrained\">\n<p>Kapitalerhalt ist nachweislich der beste <br>Vektor f\u00fcr langfristige Portfolio-Performance.<\/p>\n<\/div><\/div>\n<\/div><\/div>\n\n\n\n<div class=\"wp-block-group wrapper-s\"><div class=\"wp-block-group__inner-container is-layout-constrained wp-block-group-is-layout-constrained\">\n<h3 class=\"wp-block-heading\">Strategie<\/h3>\n\n\n\n<ul class=\"wp-block-list line-list text-indent-s\">\n<li>Ihre Pr\u00e4ferenzen und der Erhalt Ihres Verm\u00f6gens sind unsere Priorit\u00e4t<\/li>\n\n\n\n<li>Multi-Manager, Multi-Markt, Multi-Asset-Ansatz<\/li>\n\n\n\n<li>Wir sind ein unabh\u00e4ngiges Unternehmen ohne Interessenkonflikte<\/li>\n<\/ul>\n\n\n\n<h3 class=\"wp-block-heading\">Portfolioaufbau<\/h3>\n\n\n\n<ul class=\"wp-block-list line-list text-indent-s\">\n<li>Aktive und zeitnahe Verwaltung Ihres Portfolios<\/li>\n\n\n\n<li>Schwerpunkt auf Verm\u00f6gens- und Kapitalschutz<\/li>\n\n\n\n<li>Strategische und diversifizierte Asset-Allokation<\/li>\n<\/ul>\n\n\n\n<h3 class=\"wp-block-heading\">Verwaltung<\/h3>\n\n\n\n<ul class=\"wp-block-list line-list text-indent-s\">\n<li>Wir setzen auf eine Mischung aus Direktanlagen und offener Architektur<\/li>\n\n\n\n<li>Taktisches Overlay f\u00fcr die flexible Anpassung an ver\u00e4nderte M\u00e4rkte<\/li>\n<\/ul>\n<\/div><\/div>\n\n\n\n<figure class=\"wp-block-image size-full full-size-img\"><img fetchpriority=\"high\" decoding=\"async\" width=\"1440\" height=\"645\" src=\"https:\/\/new.bordier.com\/wp-content\/uploads\/2024\/08\/bordier-hero-tree-2-2.jpg\" alt=\"Solar Stratos Flugzeug\" class=\"wp-image-4002\" srcset=\"https:\/\/new.bordier.com\/wp-content\/uploads\/2024\/08\/bordier-hero-tree-2-2.jpg 1440w, https:\/\/new.bordier.com\/wp-content\/uploads\/2024\/08\/bordier-hero-tree-2-2-300x134.jpg 300w, https:\/\/new.bordier.com\/wp-content\/uploads\/2024\/08\/bordier-hero-tree-2-2-1024x459.jpg 1024w, https:\/\/new.bordier.com\/wp-content\/uploads\/2024\/08\/bordier-hero-tree-2-2-768x344.jpg 768w\" sizes=\"(max-width: 1440px) 100vw, 1440px\" \/><\/figure>\n\n\n\n<div class=\"wp-block-group boxed offset-top-m wrapper-m items-border-bottom\"><div class=\"wp-block-group__inner-container is-layout-constrained wp-block-group-is-layout-constrained\">\n<div class=\"wp-block-group wrapper-s\"><div class=\"wp-block-group__inner-container is-layout-constrained wp-block-group-is-layout-constrained\">\n<h2 class=\"wp-block-heading has-text-align-left text-indent-l tablet-no-indent\">Investitionen in<br><em>die Zukunft<\/em><\/h2>\n<\/div><\/div>\n\n\n\n<section id=\"section-block_091b33f6c94c390a40cc4cbb68604002\" class=\"content-list-outer type-numbered-list-v2\">\n    <div class=\"holder\">\n                    <div class=\"content-list\">\n                                    <div class=\"content-list-item \">\n                                                <div class=\"content-holder\">\n                            <h6>Private Equity<\/h6>\n<h3>Bei uns werden Anlegerw\u00fcnsche<br \/>\nWirklichkeit<\/h3>\n<p>Private Equity ist gefragt, aber schwer zug\u00e4nglich. Bordier kann Ihnen dank intensiver und langj\u00e4hriger Kontakte den Zugang erm\u00f6glichen.<\/p>\n                        <\/div>\n                                                \n                        <div class=\"video-holder custom-video-outer\">\n\n                            <figure class=\"custom-video\">\n\n                                <div class=\"video-popup-holder\">\n                                    <div class=\"video-holder\">\n                                        <video loop playsinline>\n                                            <source src=\"https:\/\/player.vimeo.com\/progressive_redirect\/playback\/1057828358\/rendition\/1080p\/file.mp4?loc=external&#038;signature=f483866a6c3ccb1dac5ee8ae065590baf981149d530a2e6fdb0d6b820beb68be&#038;user_id=53914995\" type=\"video\/mp4\">\n                                            Dieses Video-Element wird von Ihrem Browser nicht unterst\u00fctzt.                                        <\/video>\n                                        <div class=\"video-controls\">\n\n                                            <div class=\"exit-button\">\n                                                <svg class=\"icon-close\">\n                                                    <use xlink:href=\"https:\/\/new.bordier.com\/wp-content\/themes\/bordier-wp\/assets\/img\/icons.svg#icon-close\"><\/use>\n                                                <\/svg>\n                                            <\/div>\n\n                                            <div class=\"play-button\">\n\n                                                <div class=\"play-icon\" data-status=\"play\">\n                                                    <svg class=\"icon-play\">\n                                                        <use xlink:href=\"https:\/\/new.bordier.com\/wp-content\/themes\/bordier-wp\/assets\/img\/icons.svg#icon-play\"><\/use>\n                                                    <\/svg>\n                                                <\/div>\n\n                                                <div class=\"play-icon\" data-status=\"pause\">\n                                                    <svg class=\"icon-pause\">\n                                                        <use xlink:href=\"https:\/\/new.bordier.com\/wp-content\/themes\/bordier-wp\/assets\/img\/icons.svg#icon-pause\"><\/use>\n                                                    <\/svg>\n                                                <\/div>\n\n                                            <\/div>\n\n                                            <div class=\"bottom-controls\">\n\n                                                <span class=\"video-length\"><\/span>\n                                                \n                                                <div class=\"progress-bar\"> \n                                                    <div class=\"time-bar\"><\/div>\n                                                    <input class=\"vimeovideo-progress-seek\" type=\"range\" min=\"0\" max=\"100\" step=\"0.1\" value=\"0\" data-vimeovideo=\"seek\">\n                                                    <progress class=\"vimeovideo-progress-played\" max=\"100\" value=\"0\" role=\"presentation\"><\/progress>\n                                                <\/div>\n\n                                                <div class=\"left-side\">\n                                                    <div class=\"small-play-button\">\n\n                                                        <svg class=\"icon-play\">\n                                                            <use xlink:href=\"https:\/\/new.bordier.com\/wp-content\/themes\/bordier-wp\/assets\/img\/icons.svg#icon-play\"><\/use>\n                                                        <\/svg>\n\n                                                        <svg class=\"icon-pause\">\n                                                            <use xlink:href=\"https:\/\/new.bordier.com\/wp-content\/themes\/bordier-wp\/assets\/img\/icons.svg#icon-pause\"><\/use>\n                                                        <\/svg>\n\n                                                    <\/div>\n                                                <\/div>\n\n                                                <div class=\"right-side\">\n\n                                                    <div class=\"volume-control\">\n                                    \n                                                        <div class=\"mute-icon\" data-status=\"muted\">\n                                                            <svg class=\"icon-mute\">\n                                                                <use xlink:href=\"https:\/\/new.bordier.com\/wp-content\/themes\/bordier-wp\/assets\/img\/icons.svg#icon-mute\"><\/use>\n                                                            <\/svg>\n                                                        <\/div>\n                                                        <div class=\"mute-icon\" data-status=\"unmuted\">\n                                                            <svg class=\"icon-unmute\">\n                                                                <use xlink:href=\"https:\/\/new.bordier.com\/wp-content\/themes\/bordier-wp\/assets\/img\/icons.svg#icon-unmute\"><\/use>\n                                                            <\/svg>\n                                                        <\/div>\n                                    \n                                                    <\/div>\n\n                                                    <div class=\"expand\">\n                                                        <svg class=\"icon-expand\">\n                                                            <use xlink:href=\"https:\/\/new.bordier.com\/wp-content\/themes\/bordier-wp\/assets\/img\/icons.svg#icon-expand\"><\/use>\n                                                        <\/svg>\n\n                                                        <svg class=\"icon-collapse\">\n                                                            <use xlink:href=\"https:\/\/new.bordier.com\/wp-content\/themes\/bordier-wp\/assets\/img\/icons.svg#icon-collapse\"><\/use>\n                                                        <\/svg>\n                                                    <\/div>\n\n                                                <\/div>\n\n                                            <\/div>\n\n                                        <\/div>\n                                    <\/div>\n                                <\/div>\n\n                                <div class=\"video-controls\">\n\n                                    <div class=\"play-button\">\n\n                                        <div class=\"play-icon\" data-status=\"play\">\n                                            <svg class=\"icon-play\">\n                                                <use xlink:href=\"https:\/\/new.bordier.com\/wp-content\/themes\/bordier-wp\/assets\/img\/icons.svg#icon-play\"><\/use>\n                                            <\/svg>\n                                        <\/div>\n\n                                        <div class=\"play-icon\" data-status=\"pause\">\n                                            <svg class=\"icon-pause\">\n                                                <use xlink:href=\"https:\/\/new.bordier.com\/wp-content\/themes\/bordier-wp\/assets\/img\/icons.svg#icon-pause\"><\/use>\n                                            <\/svg>\n                                        <\/div>\n\n                                    <\/div>\n\n                                <\/div>\n\n                                                                    <figure class=\"video-cover\">\n                                        <img decoding=\"async\" src=\"https:\/\/new.bordier.com\/wp-content\/uploads\/2025\/02\/Christian-Skaanild-1.jpg\" alt=\"Video Cover\">\n                                    <\/figure>\n                                \n                            <\/figure>\n\n                        <\/div>\n\n                                            <\/div>\n                                    <div class=\"content-list-item \">\n                                                <div class=\"content-holder\">\n                            <h6>Kryptow\u00e4hrungen<\/h6>\n<h3>Besonders easy<br \/>\nund sicher<\/h3>\n<p>Wir bieten digitale Investments auf unserer Hauptplattform an. Sie handeln Kryptow\u00e4hrungen mit dem h\u00f6chsten Sicherheitsniveau einer in der Schweiz regulierten Bank.<\/p>\n                        <\/div>\n                                                                    <\/div>\n                                    <div class=\"content-list-item \">\n                                                <div class=\"content-holder\">\n                            <h6>Innovation<\/h6>\n<h3>Wir reden nicht nur,<br \/>\nsondern machen N\u00e4gel mit K\u00f6pfen<strong><em><br \/>\n<\/em><\/strong><\/h3>\n<p>Bordier bietet mehr als herk\u00f6mmliche Anlagemodelle: innovative Ans\u00e4tze, die Anleger erwarten. Mit einer Mischung aus traditionellen und nicht-traditionellen Fonds, aus Private Equity, Private Debt und komplexen strukturierten Produkten finden wir f\u00fcr Sie neues Wachstumspotenzial.<\/p>\n                        <\/div>\n                                                                    <\/div>\n                            <\/div>\n            <\/div>\n<\/section><\/div><\/div>\n\n\n\n<div class=\"wp-block-cover right-text\" style=\"min-height:10vw;aspect-ratio:unset;\"><img alt=\"\" decoding=\"async\" width=\"2560\" height=\"907\" class=\"wp-block-cover__image-background wp-image-5549\" alt=\"\" src=\"https:\/\/new.bordier.com\/wp-content\/uploads\/2024\/10\/Rectangle-scaled.jpg\" data-object-fit=\"cover\" srcset=\"https:\/\/new.bordier.com\/wp-content\/uploads\/2024\/10\/Rectangle-scaled.jpg 2560w, https:\/\/new.bordier.com\/wp-content\/uploads\/2024\/10\/Rectangle-300x106.jpg 300w, https:\/\/new.bordier.com\/wp-content\/uploads\/2024\/10\/Rectangle-1024x363.jpg 1024w, https:\/\/new.bordier.com\/wp-content\/uploads\/2024\/10\/Rectangle-768x272.jpg 768w, https:\/\/new.bordier.com\/wp-content\/uploads\/2024\/10\/Rectangle-1536x544.jpg 1536w, https:\/\/new.bordier.com\/wp-content\/uploads\/2024\/10\/Rectangle-2048x726.jpg 2048w\" sizes=\"(max-width: 2560px) 100vw, 2560px\" \/><span aria-hidden=\"true\" class=\"wp-block-cover__background has-black-background-color has-background-dim-20 has-background-dim\"><\/span><div class=\"wp-block-cover__inner-container is-layout-constrained wp-block-cover-is-layout-constrained\">\n<div class=\"wp-block-group\"><div class=\"wp-block-group__inner-container is-layout-constrained wp-block-group-is-layout-constrained\">\n<h4 class=\"wp-block-heading has-text-align-left has-large-font-size\">Herzlich willkommen <br>bei Bordier<\/h4>\n\n\n\n<p class=\"has-small-font-size\">Erz\u00e4hlen Sie uns Ihre Geschichte.<\/p>\n\n\n\n<div class=\"wp-block-buttons is-layout-flex wp-block-buttons-is-layout-flex\">\n<div class=\"wp-block-button is-style-fill blured\"><a class=\"wp-block-button__link wp-element-button\" href=\"https:\/\/new.bordier.com\/de\/kontaktieren-sie-uns\/\"><strong>KONTAKT<\/strong><\/a><\/div>\n<\/div>\n<\/div><\/div>\n<\/div><\/div>\n","protected":false},"excerpt":{"rendered":"<p>Unsere Mission Schutz und nachhaltiges Wachstum In einer sich rasant wandelnden Welt wollen wir Portfolios &#8230;<\/p>\n","protected":false},"author":1,"featured_media":0,"parent":11086,"menu_order":10,"comment_status":"closed","ping_status":"closed","template":"","meta":{"_acf_changed":false,"_seopress_robots_primary_cat":"","_seopress_titles_title":"","_seopress_titles_desc":"","_seopress_robots_index":"","footnotes":""},"class_list":["post-11099","page","type-page","status-publish","hentry"],"acf":[],"_links":{"self":[{"href":"https:\/\/new.bordier.com\/de\/wp-json\/wp\/v2\/pages\/11099","targetHints":{"allow":["GET"]}}],"collection":[{"href":"https:\/\/new.bordier.com\/de\/wp-json\/wp\/v2\/pages"}],"about":[{"href":"https:\/\/new.bordier.com\/de\/wp-json\/wp\/v2\/types\/page"}],"author":[{"embeddable":true,"href":"https:\/\/new.bordier.com\/de\/wp-json\/wp\/v2\/users\/1"}],"replies":[{"embeddable":true,"href":"https:\/\/new.bordier.com\/de\/wp-json\/wp\/v2\/comments?post=11099"}],"version-history":[{"count":0,"href":"https:\/\/new.bordier.com\/de\/wp-json\/wp\/v2\/pages\/11099\/revisions"}],"up":[{"embeddable":true,"href":"https:\/\/new.bordier.com\/de\/wp-json\/wp\/v2\/pages\/11086"}],"wp:attachment":[{"href":"https:\/\/new.bordier.com\/de\/wp-json\/wp\/v2\/media?parent=11099"}],"curies":[{"name":"wp","href":"https:\/\/api.w.org\/{rel}","templated":true}]}}